{"id":24,"date":"2023-04-08T01:49:20","date_gmt":"2023-04-08T01:49:20","guid":{"rendered":"https:\/\/tropicandina.com\/en\/?page_id=24"},"modified":"2025-08-15T19:15:01","modified_gmt":"2025-08-15T19:15:01","slug":"products","status":"publish","type":"page","link":"https:\/\/tropicandina.com\/en\/products\/","title":{"rendered":"Products"},"content":{"rendered":"\n<p>Our products meet high quality standards according to the high demands of our customers.<\/p>\n<div class=\"row\">\n<div class=\"col-sm-4\">\n<div class=\"card\" style=\"min-height: 488px;\">\n<div class=\"card__image card__image--alimentos\" style=\"background-image: url(https:\/\/tropicandina.com\/wp-content\/uploads\/2023\/04\/alimentos.jpg);\"><\/div>\n<div class=\"card__content\">\n<div class=\"card__title h3 text-center\">Human Nutrition<\/div>\n<p class=\"card__text_\">For human nutrition we have:<\/p>\n<ul>\n<li><a href=\"https:\/\/tropicandina.com\/en\/contact-us\/\">Quinoa convencional<\/a><\/li>\n<li><a href=\"https:\/\/tropicandina.com\/en\/contact-us\/\">Quinoa Org\u00e1nica<\/a><\/li>\n<li><a href=\"https:\/\/tropicandina.com\/en\/contact-us\/\">Aceite de Pescado (OMEGA3)<\/a><\/li>\n<li><a href=\"https:\/\/tropicandina.com\/en\/contact-us\/\">Aceite de Maracuy\u00e1.<\/a><\/li>\n<\/ul>\n<\/div>\n<\/div>\n<\/div>\n<div class=\"col-sm-4\">\n<div class=\"card\" style=\"min-height: 488px;\">\n<div class=\"card__image card__image--avicola\" style=\"background-image: url(https:\/\/tropicandina.com\/wp-content\/uploads\/2023\/04\/avicola.jpg);\"><\/div>\n<div class=\"card__content\">\n<div class=\"card__title h3 text-center\">POULTRY<\/div>\n<ul>\n<li><a href=\"https:\/\/tropicandina.com\/en\/contact-us\/\">Harina de pescado.<\/a><\/li>\n<li><a href=\"https:\/\/tropicandina.com\/en\/contact-us\/\">Aceite de pescado.<\/a><\/li>\n<li><a href=\"https:\/\/tropicandina.com\/en\/contact-us\/\">\u00c1cidos Grasos.<\/a><\/li>\n<li><a href=\"https:\/\/tropicandina.com\/en\/contact-us\/\">Harina de pollo.<\/a><\/li>\n<\/ul>\n<\/div>\n<\/div>\n<\/div>\n<div class=\"col-sm-4\">\n<div class=\"card\" style=\"min-height: 488px;\">\n<div class=\"card__image card__image--vacuno\" style=\"background-image: url(https:\/\/tropicandina.com\/wp-content\/uploads\/2023\/04\/vacuno.png);\"><\/div>\n<div class=\"card__content\">\n<div class=\"card__title h3 text-center\">CATTLE<\/div>\n<ul>\n<li><a href=\"https:\/\/tropicandina.com\/en\/contact-us\/\">Fatty Acids<\/a><\/li>\n<li><a href=\"https:\/\/tropicandina.com\/en\/contact-us\/\">Passion Fruit Pulp<\/a><\/li>\n<li><a href=\"https:\/\/tropicandina.com\/en\/contact-us\/\">Molasses<\/a><\/li>\n<li><a href=\"https:\/\/tropicandina.com\/en\/contact-us\/\">Cocoa Shell<\/a><\/li>\n<\/ul>\n<\/div>\n<\/div>\n<\/div>\n<\/div>\n<div class=\"row\">\n<div class=\"col-sm-4\">\n<div class=\"card\" style=\"min-height: 488px;\">\n<div class=\"card__image card__image--porcino\" style=\"background-image: url(https:\/\/tropicandina.com\/wp-content\/uploads\/2023\/04\/porcino.jpg);\"><\/div>\n<div class=\"card__content\">\n<div class=\"card__title h3 text-center\">PIGS<\/div>\n<ul>\n<li><a href=\"https:\/\/tropicandina.com\/en\/contact-us\/\">Fish meal<\/a><\/li>  \n<li><a href=\"https:\/\/tropicandina.com\/en\/contact-us\/\">Fatty acids<\/a><\/li>  \n<li><a href=\"https:\/\/tropicandina.com\/en\/contact-us\/\">Poultry meal<\/a><\/li>  \n<li><a href=\"https:\/\/tropicandina.com\/en\/contact-us\/\">Passion fruit pulp<\/a><\/li>  \n<li><a href=\"https:\/\/tropicandina.com\/en\/contact-us\/\">Molasses<\/a><\/li>  \n<li><a href=\"https:\/\/tropicandina.com\/en\/contact-us\/\">Cocoa shell<\/a><\/li>  \n<li><a href=\"https:\/\/tropicandina.com\/en\/contact-us\/\">Shrimp meal<\/a><\/li>  \n<\/ul>\n<\/div>\n<\/div>\n<\/div>\n<div class=\"col-sm-4\">\n<div class=\"card\" style=\"min-height: 488px;\">\n<div class=\"card__image card__image--acuicola\" style=\"background-image: url(https:\/\/tropicandina.com\/wp-content\/uploads\/2023\/04\/acuicola.jpg);\"><\/div>\n<div class=\"card__content\">\n<div class=\"card__title h3 text-center\">AQUACULTURE<\/div>\n<ul>\n<li><a href=\"https:\/\/tropicandina.com\/en\/contact-us\/\">Shrimp meal<\/a>.<\/li>  \n<li><a href=\"https:\/\/tropicandina.com\/en\/contact-us\/\">Fish soluble<\/a>.<\/li>  \n<li><a href=\"https:\/\/tropicandina.com\/en\/contact-us\/\">Fish oil<\/a>.<\/li>  \n<li><a href=\"https:\/\/tropicandina.com\/en\/contact-us\/\">Molasses<\/a>.<\/li>  \n<li><a href=\"https:\/\/tropicandina.com\/en\/contact-us\/\">Cocoa shell<\/a>.<\/li>  \n<li><a href=\"https:\/\/tropicandina.com\/en\/contact-us\/\">Fish hydrolysate<\/a>.<\/li>\n<li><a href=\"https:\/\/tropicandina.com\/en\/contact-us\/\">Shrimp hydrolysate<\/a>.<\/li>\n<\/ul>\n<\/div>\n<\/div>\n<\/div>\n<\/div>\n","protected":false},"excerpt":{"rendered":"<p>Our products meet high quality standards according to the high demands of our customers. Human Nutrition For human nutrition we have: Quinoa convencional Quinoa Org\u00e1nica Aceite de Pescado (OMEGA3) Aceite de Maracuy\u00e1. POULTRY Harina de pescado. Aceite de pescado. \u00c1cidos Grasos. Harina de pollo. CATTLE Fatty Acids Passion Fruit Pulp Molasses Cocoa Shell PIGS Fish [&hellip;]<\/p>\n","protected":false},"author":1,"featured_media":0,"parent":0,"menu_order":0,"comment_status":"closed","ping_status":"closed","template":"","meta":{"footnotes":""},"class_list":["post-24","page","type-page","status-publish","hentry"],"_links":{"self":[{"href":"https:\/\/tropicandina.com\/en\/wp-json\/wp\/v2\/pages\/24","targetHints":{"allow":["GET"]}}],"collection":[{"href":"https:\/\/tropicandina.com\/en\/wp-json\/wp\/v2\/pages"}],"about":[{"href":"https:\/\/tropicandina.com\/en\/wp-json\/wp\/v2\/types\/page"}],"author":[{"embeddable":true,"href":"https:\/\/tropicandina.com\/en\/wp-json\/wp\/v2\/users\/1"}],"replies":[{"embeddable":true,"href":"https:\/\/tropicandina.com\/en\/wp-json\/wp\/v2\/comments?post=24"}],"version-history":[{"count":9,"href":"https:\/\/tropicandina.com\/en\/wp-json\/wp\/v2\/pages\/24\/revisions"}],"predecessor-version":[{"id":77,"href":"https:\/\/tropicandina.com\/en\/wp-json\/wp\/v2\/pages\/24\/revisions\/77"}],"wp:attachment":[{"href":"https:\/\/tropicandina.com\/en\/wp-json\/wp\/v2\/media?parent=24"}],"curies":[{"name":"wp","href":"https:\/\/api.w.org\/{rel}","templated":true}]}}